{"id":6,"date":"2020-01-29T11:58:24","date_gmt":"2020-01-29T10:58:24","guid":{"rendered":"http:\/\/marquette-hypnose.fr\/?page_id=6"},"modified":"2025-03-25T15:56:23","modified_gmt":"2025-03-25T14:56:23","slug":"accueil","status":"publish","type":"page","link":"https:\/\/marquette-hypnose.fr\/","title":{"rendered":"Accueil"},"content":{"rendered":"<h2 class=\"section-title\">Introduction<\/h2>\n<div class=\"section-desc\">\n<p>Vous ressentez un obstacle que vous avez du mal \u00e0 d\u00e9passer ?<\/p>\n<p>Parfois, l\u2019aide d\u2019un professionnel qualifi\u00e9 est n\u00e9cessaire pour voir les choses diff\u00e9remment et vous aider \u00e0 aller de l\u2019avant.<\/p>\n<p>En tant que praticienne en hypnose, votre bien-\u00eatre est ma priorit\u00e9. Je serais heureuse de vous accompagner \u00e0 travers les changements de votre vie.<\/p>\n<\/div>\n<h2 class=\"section-title\">Qui suis-je ?<\/h2>\n<p><img loading=\"lazy\" class=\" wp-image-233 alignleft\" src=\"https:\/\/marquette-hypnose.fr\/wp-content\/uploads\/2020\/02\/image-femme-anonyme-521-291x300.jpg\" sizes=\"(max-width: 376px) 100vw, 376px\" srcset=\"https:\/\/marquette-hypnose.fr\/wp-content\/uploads\/2020\/02\/image-femme-anonyme-521-291x300.jpg 291w, https:\/\/marquette-hypnose.fr\/wp-content\/uploads\/2020\/02\/image-femme-anonyme-521.jpg 439w\" alt=\"\" width=\"376\" height=\"387\"><\/p>\n<div class=\"section-desc\">\n<p>Je m\u2019appelle Juliette FELTZ et j\u2019exerce l\u2019hypnose ericksonnienne \u00e0 Marquette-lez-Lille.<br>\nJ\u2019ai longtemps travaill\u00e9 en tant que psychomotricienne aupr\u00e8s d\u2019enfants en difficult\u00e9s tout en accompagnant \u00e9galement leurs familles.<\/p>\n<p>Depuis une quinzaine d\u2019ann\u00e9es, je travaille comme assistante dentaire apr\u00e8s une pause professionnelle \u00e0 la naissance de mon 4\u00e8me enfant.<br>\nL\u2019hypnose, je l\u2019ai d\u2019abord connu pour des objectifs personnels en \u00e9tant accompagn\u00e9e par un professionnel et en pratiquant l\u2019auto-hypnose.<\/p>\n<p>L\u2019id\u00e9e de me former a progressivement germ\u00e9 en moi et j\u2019ai d\u00e9cid\u00e9 de franchir le pas en int\u00e9grant l\u2019AFNH (Association Francophone de Nouvelle Hypnose).<br>\nEt si j\u2019ai d\u2019abord souhait\u00e9 me former dans le cadre de mon travail en cabinet dentaire afin d\u2019aider les personnes \u00e9prouvant une grande peur des soins, je me suis ensuite rapidement orient\u00e9e vers une formation plus large et plus compl\u00e8te afin d\u2019accompagner le plus grand nombre de personnes.Ma croyance est que chacun a en lui les ressources n\u00e9cessaires pour (se) d\u00e9passer, apprendre, (se) d\u00e9velopper. Mon r\u00f4le est de vous permettre de faire \u00e9merger votre potentiel, de vous lib\u00e9rer de vos blocages en vous proposant des s\u00e9ances efficaces et adapt\u00e9es \u00e0 vos besoins.<\/p>\n<p>Je travaille uniquement avec les adultes et je pr\u00e9f\u00e8re r\u00e9-orienter les personnes souhaitant consulter pour troubles alimentaires et arr\u00eat du tabac.<\/p>\n<\/div>\n\n\n<p><\/p>\n","protected":false},"excerpt":{"rendered":"<p>Introduction Vous ressentez un obstacle que vous avez du mal \u00e0 d\u00e9passer ? Parfois, l\u2019aide d\u2019un professionnel qualifi\u00e9 est n\u00e9cessaire pour voir les choses diff\u00e9remment et vous aider \u00e0 aller &#8230;<\/p>\n","protected":false},"author":1,"featured_media":0,"parent":0,"menu_order":0,"comment_status":"closed","ping_status":"closed","template":"template-frontpage.php","meta":[],"_links":{"self":[{"href":"https:\/\/marquette-hypnose.fr\/index.php\/wp-json\/wp\/v2\/pages\/6"}],"collection":[{"href":"https:\/\/marquette-hypnose.fr\/index.php\/wp-json\/wp\/v2\/pages"}],"about":[{"href":"https:\/\/marquette-hypnose.fr\/index.php\/wp-json\/wp\/v2\/types\/page"}],"author":[{"embeddable":true,"href":"https:\/\/marquette-hypnose.fr\/index.php\/wp-json\/wp\/v2\/users\/1"}],"replies":[{"embeddable":true,"href":"https:\/\/marquette-hypnose.fr\/index.php\/wp-json\/wp\/v2\/comments?post=6"}],"version-history":[{"count":20,"href":"https:\/\/marquette-hypnose.fr\/index.php\/wp-json\/wp\/v2\/pages\/6\/revisions"}],"predecessor-version":[{"id":658,"href":"https:\/\/marquette-hypnose.fr\/index.php\/wp-json\/wp\/v2\/pages\/6\/revisions\/658"}],"wp:attachment":[{"href":"https:\/\/marquette-hypnose.fr\/index.php\/wp-json\/wp\/v2\/media?parent=6"}],"curies":[{"name":"wp","href":"https:\/\/api.w.org\/{rel}","templated":true}]}}